{"id":38,"date":"2023-07-13T20:02:23","date_gmt":"2023-07-13T23:02:23","guid":{"rendered":"https:\/\/www.adur.org.uy\/parecenormal\/?page_id=38"},"modified":"2023-10-04T15:31:43","modified_gmt":"2023-10-04T18:31:43","slug":"sobre-nosotros","status":"publish","type":"page","link":"https:\/\/www.adur.org.uy\/parecenormal\/sobre-nosotros\/","title":{"rendered":"Sobre nosotros"},"content":{"rendered":"\n<p>La&nbsp;<strong>Asociaci\u00f3n de Docentes de la Universidad de la Rep\u00fablica (ADUR)<\/strong>&nbsp;est\u00e1 integrada por las asociaciones de docentes afiliados a ADUR en las distintas facultades u otras unidades docentes comparables. Los objetivos de ADUR son representar al gremio de docentes dentro y fuera del pa\u00eds; defender sus derechos laborales y buscar la mejora de su situaci\u00f3n social y econ\u00f3mica; salvaguardar la libertad intelectual y de expresi\u00f3n; promover el inter\u00e9s por los problemas relacionados con la organizaci\u00f3n universitaria; aportar al progresivo desarrollo de la UdelaR, la educaci\u00f3n p\u00fablica, la ciencia y la cultura del pa\u00eds, y participar de la unidad del movimiento sindical a trav\u00e9s del PIT-CNT.&nbsp;<\/p>\n\n\n\n<p>Para afiliarte pod\u00e9s completar los formularios y seguir el procedimiento que se describe ac\u00e1:<br><a href=\"https:\/\/old.adur.org.uy\/index.php\/afiliaciones\">https:\/\/old.adur.org.uy\/index.php\/afiliaciones<\/a><\/p>\n\n\n\n<p>Por m\u00e1s informaci\u00f3n consultanos a&nbsp;<a rel=\"noreferrer noopener\" href=\"mailto:adurcent@gmail.com\" target=\"_blank\">adurcent@gmail.com<\/a>.<\/p>\n","protected":false},"excerpt":{"rendered":"<p>La&nbsp;Asociaci\u00f3n de Docentes de la Universidad de la Rep\u00fablica (ADUR)&nbsp;est\u00e1 integrada por las asociaciones de docentes afiliados a ADUR en [&hellip;]<\/p>\n","protected":false},"author":1,"featured_media":0,"parent":0,"menu_order":0,"comment_status":"closed","ping_status":"closed","template":"","meta":{"footnotes":""},"class_list":["post-38","page","type-page","status-publish","hentry"],"_links":{"self":[{"href":"https:\/\/www.adur.org.uy\/parecenormal\/wp-json\/wp\/v2\/pages\/38","targetHints":{"allow":["GET"]}}],"collection":[{"href":"https:\/\/www.adur.org.uy\/parecenormal\/wp-json\/wp\/v2\/pages"}],"about":[{"href":"https:\/\/www.adur.org.uy\/parecenormal\/wp-json\/wp\/v2\/types\/page"}],"author":[{"embeddable":true,"href":"https:\/\/www.adur.org.uy\/parecenormal\/wp-json\/wp\/v2\/users\/1"}],"replies":[{"embeddable":true,"href":"https:\/\/www.adur.org.uy\/parecenormal\/wp-json\/wp\/v2\/comments?post=38"}],"version-history":[{"count":2,"href":"https:\/\/www.adur.org.uy\/parecenormal\/wp-json\/wp\/v2\/pages\/38\/revisions"}],"predecessor-version":[{"id":281,"href":"https:\/\/www.adur.org.uy\/parecenormal\/wp-json\/wp\/v2\/pages\/38\/revisions\/281"}],"wp:attachment":[{"href":"https:\/\/www.adur.org.uy\/parecenormal\/wp-json\/wp\/v2\/media?parent=38"}],"curies":[{"name":"wp","href":"https:\/\/api.w.org\/{rel}","templated":true}]}}