{"id":41,"date":"2023-07-13T20:16:54","date_gmt":"2023-07-13T23:16:54","guid":{"rendered":"https:\/\/www.adur.org.uy\/parecenormal\/?page_id=41"},"modified":"2023-07-13T20:16:54","modified_gmt":"2023-07-13T23:16:54","slug":"manifiesto","status":"publish","type":"page","link":"https:\/\/www.adur.org.uy\/parecenormal\/manifiesto\/","title":{"rendered":"Manifiesto"},"content":{"rendered":"\n<p>A todos nos pasa. Nos acostumbramos a escuchar reclamos, protestas y siempre lo mismo: pedir m\u00e1s.&nbsp;<\/p>\n\n\n\n<p>\u00bfPero c\u00f3mo no pedir m\u00e1s si del presupuesto para la educaci\u00f3n salen los y las profesionales, cient\u00edficos y artistas que responden a los grandes desaf\u00edos que enfrenta el pa\u00eds?<\/p>\n\n\n\n<p>\u00bfC\u00f3mo no pedir un salario digno para docentes que se enfrentan a clases donde no entran los y las estudiantes?<\/p>\n\n\n\n<p>\u00bfDebemos acostumbrarnos a que tantos\/as j\u00f3venes formados en nuestra educaci\u00f3n p\u00fablica marchen a vivir a otros pa\u00edses por falta de oportunidades en nuestra Universidad?<\/p>\n\n\n\n<p>\u00bfParece normal que el hospital del pa\u00eds donde se atienden m\u00e1s de 200 mil personas en Salud P\u00fablica y se forma a futuros\/as profesionales de la salud, no tenga insumos para hacerlo?<\/p>\n\n\n\n<p><strong>Parece normal, pero no lo es.<br>Por eso luchamos.<br>Es un mensaje de ADUR. No nos da lo mismo<\/strong><\/p>\n","protected":false},"excerpt":{"rendered":"<p>A todos nos pasa. Nos acostumbramos a escuchar reclamos, protestas y siempre lo mismo: pedir m\u00e1s.&nbsp; \u00bfPero c\u00f3mo no pedir [&hellip;]<\/p>\n","protected":false},"author":1,"featured_media":0,"parent":0,"menu_order":0,"comment_status":"closed","ping_status":"closed","template":"","meta":{"footnotes":""},"class_list":["post-41","page","type-page","status-publish","hentry"],"_links":{"self":[{"href":"https:\/\/www.adur.org.uy\/parecenormal\/wp-json\/wp\/v2\/pages\/41","targetHints":{"allow":["GET"]}}],"collection":[{"href":"https:\/\/www.adur.org.uy\/parecenormal\/wp-json\/wp\/v2\/pages"}],"about":[{"href":"https:\/\/www.adur.org.uy\/parecenormal\/wp-json\/wp\/v2\/types\/page"}],"author":[{"embeddable":true,"href":"https:\/\/www.adur.org.uy\/parecenormal\/wp-json\/wp\/v2\/users\/1"}],"replies":[{"embeddable":true,"href":"https:\/\/www.adur.org.uy\/parecenormal\/wp-json\/wp\/v2\/comments?post=41"}],"version-history":[{"count":1,"href":"https:\/\/www.adur.org.uy\/parecenormal\/wp-json\/wp\/v2\/pages\/41\/revisions"}],"predecessor-version":[{"id":42,"href":"https:\/\/www.adur.org.uy\/parecenormal\/wp-json\/wp\/v2\/pages\/41\/revisions\/42"}],"wp:attachment":[{"href":"https:\/\/www.adur.org.uy\/parecenormal\/wp-json\/wp\/v2\/media?parent=41"}],"curies":[{"name":"wp","href":"https:\/\/api.w.org\/{rel}","templated":true}]}}