{"id":57,"date":"2023-07-13T20:32:51","date_gmt":"2023-07-13T23:32:51","guid":{"rendered":"https:\/\/www.adur.org.uy\/parecenormal\/?page_id=57"},"modified":"2023-10-27T20:02:42","modified_gmt":"2023-10-27T23:02:42","slug":"home","status":"publish","type":"page","link":"https:\/\/www.adur.org.uy\/parecenormal\/","title":{"rendered":"Home"},"content":{"rendered":"\n<div class=\"wp-block-cover alignfull\"><span aria-hidden=\"true\" class=\"wp-block-cover__background has-background-dim-30 has-background-dim\"><\/span><img loading=\"lazy\" decoding=\"async\" width=\"1280\" height=\"720\" class=\"wp-block-cover__image-background wp-image-141\" alt=\"\" src=\"https:\/\/www.adur.org.uy\/parecenormal\/wp-content\/uploads\/2023\/07\/Imagen-de-WhatsApp-2023-07-18-a-las-18.30.01.jpg\" data-object-fit=\"cover\" srcset=\"https:\/\/www.adur.org.uy\/parecenormal\/wp-content\/uploads\/2023\/07\/Imagen-de-WhatsApp-2023-07-18-a-las-18.30.01.jpg 1280w, https:\/\/www.adur.org.uy\/parecenormal\/wp-content\/uploads\/2023\/07\/Imagen-de-WhatsApp-2023-07-18-a-las-18.30.01-300x169.jpg 300w, https:\/\/www.adur.org.uy\/parecenormal\/wp-content\/uploads\/2023\/07\/Imagen-de-WhatsApp-2023-07-18-a-las-18.30.01-1024x576.jpg 1024w, https:\/\/www.adur.org.uy\/parecenormal\/wp-content\/uploads\/2023\/07\/Imagen-de-WhatsApp-2023-07-18-a-las-18.30.01-768x432.jpg 768w\" sizes=\"auto, (max-width: 1280px) 100vw, 1280px\" \/><div class=\"wp-block-cover__inner-container is-layout-flow wp-block-cover-is-layout-flow\">\n<div class=\"wp-block-group is-layout-constrained wp-container-core-group-is-layout-e3dbad20 wp-block-group-is-layout-constrained\" style=\"padding-top:3.5vw;padding-right:3.5vw;padding-bottom:3.5vw;padding-left:3.5vw\">\n<div class=\"wp-block-columns is-layout-flex wp-container-core-columns-is-layout-d2ca7aa4 wp-block-columns-is-layout-flex\">\n<div class=\"wp-block-column is-layout-flow wp-block-column-is-layout-flow\" style=\"flex-basis:40%\">\n<div class=\"wp-block-group has-dark-background-color has-white-background-color has-text-color has-background is-layout-flow wp-block-group-is-layout-flow\" style=\"padding-top:0.5rem;padding-right:0.5rem;padding-bottom:0.5rem;padding-left:0.5rem\">\n<figure class=\"wp-block-image size-large\"><img loading=\"lazy\" decoding=\"async\" width=\"1024\" height=\"1024\" src=\"https:\/\/www.adur.org.uy\/parecenormal\/wp-content\/uploads\/2023\/10\/WhatsApp-Image-2023-10-27-at-10.49.31-1024x1024.jpeg\" alt=\"\" class=\"wp-image-304\" srcset=\"https:\/\/www.adur.org.uy\/parecenormal\/wp-content\/uploads\/2023\/10\/WhatsApp-Image-2023-10-27-at-10.49.31-1024x1024.jpeg 1024w, https:\/\/www.adur.org.uy\/parecenormal\/wp-content\/uploads\/2023\/10\/WhatsApp-Image-2023-10-27-at-10.49.31-300x300.jpeg 300w, https:\/\/www.adur.org.uy\/parecenormal\/wp-content\/uploads\/2023\/10\/WhatsApp-Image-2023-10-27-at-10.49.31-150x150.jpeg 150w, https:\/\/www.adur.org.uy\/parecenormal\/wp-content\/uploads\/2023\/10\/WhatsApp-Image-2023-10-27-at-10.49.31-768x768.jpeg 768w, https:\/\/www.adur.org.uy\/parecenormal\/wp-content\/uploads\/2023\/10\/WhatsApp-Image-2023-10-27-at-10.49.31-1536x1536.jpeg 1536w, https:\/\/www.adur.org.uy\/parecenormal\/wp-content\/uploads\/2023\/10\/WhatsApp-Image-2023-10-27-at-10.49.31-765x765.jpeg 765w, https:\/\/www.adur.org.uy\/parecenormal\/wp-content\/uploads\/2023\/10\/WhatsApp-Image-2023-10-27-at-10.49.31.jpeg 1600w\" sizes=\"auto, (max-width: 1024px) 100vw, 1024px\" \/><\/figure>\n<\/div>\n<\/div>\n\n\n\n<div class=\"wp-block-column is-layout-flow wp-block-column-is-layout-flow\" style=\"flex-basis:60%\"><\/div>\n<\/div>\n<\/div>\n<\/div><\/div>\n\n\n\n<div class=\"wp-block-group alignfull has-white-background-color has-background is-layout-constrained wp-container-core-group-is-layout-e5442119 wp-block-group-is-layout-constrained\" style=\"padding-top:3.5vw;padding-right:3.5vw;padding-bottom:3.5vw;padding-left:3.5vw\">\n<div class=\"wp-block-columns alignwide is-layout-flex wp-container-core-columns-is-layout-28f84493 wp-block-columns-is-layout-flex\">\n<div class=\"wp-block-column is-layout-flow wp-block-column-is-layout-flow\" style=\"flex-basis:40%\">\n<h2 class=\"wp-block-heading is-style-underlined-heading\">Ante la votaci\u00f3n de la Rendici\u00f3n de Cuentas en la C\u00e1mara de Senadores, el Consejo Federal de ADUR expresa a la sociedad que:<\/h2>\n<\/div>\n\n\n\n<div class=\"wp-block-column is-layout-flow wp-block-column-is-layout-flow\" style=\"flex-basis:60%\">\n<div class=\"wp-block-group is-nowrap is-layout-flex wp-container-core-group-is-layout-b0715aea wp-block-group-is-layout-flex\">\n<p class=\"has-primary-color has-text-color\" style=\"font-size:72px;line-height:1\"><strong>1<\/strong><\/p>\n\n\n\n<p>Durante m\u00e1s de tres meses hemos mantenido una intensa movilizaci\u00f3n junto a la Intergremial Universitaria, lo que ha permitido visualizar socialmente la importancia de la causa universitaria, convocar amplios apoyos a nuestra plataforma program\u00e1tica y debilitar la posici\u00f3n intransigente del gobierno, que un a\u00f1o s\u00ed y otro tambi\u00e9n, ha enviado al Parlamento proyectos de presupuesto cero para la Udelar.<\/p>\n<\/div>\n\n\n\n<div class=\"wp-block-group is-nowrap is-layout-flex wp-container-core-group-is-layout-b0715aea wp-block-group-is-layout-flex\">\n<p class=\"has-primary-color has-text-color\" style=\"font-size:72px;line-height:1\"><strong>2<\/strong><\/p>\n\n\n\n<p>No obstante, el proyecto presupuestal votado en el Parlamento s\u00f3lo asigna un 6% de lo solicitado por la Udelar. Con ello, consolida una pol\u00edtica de desfinanciamiento de la educaci\u00f3n universitaria iniciada en 2020, que ha generado importantes problemas ya palpables en el presente. La rendici\u00f3n de cuentas aprobada en el Senado, no s\u00f3lo no corrigi\u00f3 estos problemas acumulados, sino que los profundiza al extender el desfinanciamiento por dos a\u00f1os m\u00e1s.<\/p>\n<\/div>\n\n\n\n<div class=\"wp-block-group is-nowrap is-layout-flex wp-container-core-group-is-layout-b0715aea wp-block-group-is-layout-flex\">\n<p class=\"has-primary-color has-text-color\" style=\"font-size:72px;line-height:1\"><strong>3<\/strong><\/p>\n\n\n\n<p>Mientras el gobierno desfinancia a la Universidad, la matr\u00edcula estudiantil ha crecido y se proyecta que seguir\u00e1 creciendo, al tiempo que las problem\u00e1ticas sanitarias, ambientales, productivas y sociales han generado nuevas demandas para la investigaci\u00f3n y la extensi\u00f3n. En atenci\u00f3n a todo esto, se ha sobrecargado el trabajo docente y de funcionarios\/as administrativos, t\u00e9cnicos y de servicios.<\/p>\n<\/div>\n\n\n\n<div class=\"wp-block-group is-nowrap is-layout-flex wp-container-core-group-is-layout-b0715aea wp-block-group-is-layout-flex\">\n<p class=\"has-primary-color has-text-color\" style=\"font-size:72px;line-height:1\"><strong>4<\/strong><\/p>\n\n\n\n<p>Mientras el trabajo universitario se sobrecarga, el salario se ha congelado por debajo de la inflaci\u00f3n, al tiempo que se vio afectada la posibilidad de garantizar la carrera docente al no contar con recursos para implementar el nuevo Estatuto de Personal Docente.<\/p>\n<\/div>\n\n\n\n<div class=\"wp-block-group is-nowrap is-layout-flex wp-container-core-group-is-layout-b0715aea wp-block-group-is-layout-flex\">\n<p class=\"has-primary-color has-text-color\" style=\"font-size:72px;line-height:1\"><strong>5<\/strong><\/p>\n\n\n\n<p>Mientras el presupuesto universitario, uno de los m\u00e1s bajos de la regi\u00f3n, se ve recortado, el presupuesto militar, uno de los m\u00e1s altos de la regi\u00f3n en relaci\u00f3n a la cantidad de habitantes del Uruguay, ha crecido a\u00fan m\u00e1s. Esta comparaci\u00f3n nos devuelve una imagen dolorosa del tipo de sociedad que estamos construyendo, y la fragilidad de nuestro futuro.<\/p>\n<\/div>\n\n\n\n<div class=\"wp-block-group is-nowrap is-layout-flex wp-container-core-group-is-layout-b0715aea wp-block-group-is-layout-flex\">\n<p class=\"has-primary-color has-text-color\" style=\"font-size:72px;line-height:1\"><strong>6<\/strong><\/p>\n\n\n\n<p>La pol\u00edtica presupuestal del gobierno hacia la Universidad tendr\u00e1 consecuencias negativas en la relaci\u00f3n entre cantidad de docentes y estudiantes, las condiciones de atenci\u00f3n a los\/as estudiantes en todo el pa\u00eds, el desarrollo de nuevas carreras y el mantenimiento de carreras existentes, el desarrollo edilicio acorde al crecimiento de la matr\u00edcula, las becas estudiantiles, las pol\u00edticas de retenci\u00f3n y retorno de j\u00f3venes formados\/as a nuestro pa\u00eds, el financiamiento de los proyectos de investigaci\u00f3n y extensi\u00f3n, la asistencia a la salud de la poblaci\u00f3n, el desarrollo de las carreras docentes y funcionarial, entre otros efectos. En suma, la pol\u00edtica de desfinanciamiento del gobierno est\u00e1 produciendo una crisis en la educaci\u00f3n. Para evitar esta crisis, y fortalecer los caminos de desarrollo cultural, cient\u00edfico y educativo de nuestra sociedad, contamos con ideas, propuestas y estrategias que el gobierno primero, y los parlamentarios despu\u00e9s, han tenido en sus mesas de trabajo, y que sin embargo han desestimado.<\/p>\n<\/div>\n\n\n\n<div class=\"wp-block-group is-nowrap is-layout-flex wp-container-core-group-is-layout-b0715aea wp-block-group-is-layout-flex\">\n<p class=\"has-primary-color has-text-color\" style=\"font-size:72px;line-height:1\"><strong>7<\/strong><\/p>\n\n\n\n<p>Saludamos a los centros de Adur, a la Intergremial y en particular a la FEUU y sus centros de estudiantes, por su movilizaci\u00f3n y compromiso a lo largo de estos meses. Agradecemos a la sociedad el amplio respaldo dado a la causa de la Universidad. Nos comprometernos a seguir luchando en defensa del derecho a la educaci\u00f3n de nuestros\/as j\u00f3venes, nuestra Universidad p\u00fablica y el futuro del pa\u00eds.<\/p>\n<\/div>\n<\/div>\n<\/div>\n<\/div>\n\n\n\n<p class=\"has-text-align-center\"><strong>Consejo Federal de ADUR &#8211; 9 de octubre de 2023<\/strong><\/p>\n\n\n\n<figure class=\"wp-block-image aligncenter size-full has-custom-border\"><img loading=\"lazy\" decoding=\"async\" width=\"417\" height=\"173\" src=\"https:\/\/www.adur.org.uy\/parecenormal\/wp-content\/uploads\/2023\/10\/afur-pit.jpg\" alt=\"\" class=\"has-border-color has-white-border-color wp-image-306\" style=\"border-width:20px\" srcset=\"https:\/\/www.adur.org.uy\/parecenormal\/wp-content\/uploads\/2023\/10\/afur-pit.jpg 417w, https:\/\/www.adur.org.uy\/parecenormal\/wp-content\/uploads\/2023\/10\/afur-pit-300x124.jpg 300w\" sizes=\"auto, (max-width: 417px) 100vw, 417px\" \/><\/figure>\n\n\n\n<div class=\"wp-block-group alignfull has-white-color has-text-color has-background is-layout-constrained wp-container-core-group-is-layout-e5442119 wp-block-group-is-layout-constrained\" style=\"background-color:#cd2e26;padding-top:3.5vw;padding-right:3.5vw;padding-bottom:3.5vw;padding-left:3.5vw\">\n<div class=\"wp-block-columns alignwide are-vertically-aligned-center is-layout-flex wp-container-core-columns-is-layout-28f84493 wp-block-columns-is-layout-flex\">\n<div class=\"wp-block-column is-vertically-aligned-center is-layout-flow wp-block-column-is-layout-flow\" style=\"flex-basis:66.66%\">\n<p class=\"has-large-font-size\">Para afiliarte pod\u00e9s completar los formularios y seguir el procedimiento.<\/p>\n<\/div>\n\n\n\n<div class=\"wp-block-column is-vertically-aligned-center is-layout-flow wp-block-column-is-layout-flow\" style=\"flex-basis:33.33%\">\n<div class=\"wp-block-buttons is-content-justification-center is-layout-flex wp-container-core-buttons-is-layout-a89b3969 wp-block-buttons-is-layout-flex\">\n<div class=\"wp-block-button is-style-fill\"><a class=\"wp-block-button__link has-primary-color has-white-background-color has-text-color has-background wp-element-button\" href=\"https:\/\/old.adur.org.uy\/index.php\/afiliaciones\" target=\"_blank\" rel=\"noreferrer noopener\">Click aqu\u00ed<\/a><\/div>\n<\/div>\n<\/div>\n<\/div>\n<\/div>\n","protected":false},"excerpt":{"rendered":"<p>Ante la votaci\u00f3n de la Rendici\u00f3n de Cuentas en la C\u00e1mara de Senadores, el Consejo Federal de ADUR expresa a [&hellip;]<\/p>\n","protected":false},"author":1,"featured_media":0,"parent":0,"menu_order":0,"comment_status":"closed","ping_status":"closed","template":"","meta":{"footnotes":""},"class_list":["post-57","page","type-page","status-publish","hentry"],"_links":{"self":[{"href":"https:\/\/www.adur.org.uy\/parecenormal\/wp-json\/wp\/v2\/pages\/57","targetHints":{"allow":["GET"]}}],"collection":[{"href":"https:\/\/www.adur.org.uy\/parecenormal\/wp-json\/wp\/v2\/pages"}],"about":[{"href":"https:\/\/www.adur.org.uy\/parecenormal\/wp-json\/wp\/v2\/types\/page"}],"author":[{"embeddable":true,"href":"https:\/\/www.adur.org.uy\/parecenormal\/wp-json\/wp\/v2\/users\/1"}],"replies":[{"embeddable":true,"href":"https:\/\/www.adur.org.uy\/parecenormal\/wp-json\/wp\/v2\/comments?post=57"}],"version-history":[{"count":25,"href":"https:\/\/www.adur.org.uy\/parecenormal\/wp-json\/wp\/v2\/pages\/57\/revisions"}],"predecessor-version":[{"id":311,"href":"https:\/\/www.adur.org.uy\/parecenormal\/wp-json\/wp\/v2\/pages\/57\/revisions\/311"}],"wp:attachment":[{"href":"https:\/\/www.adur.org.uy\/parecenormal\/wp-json\/wp\/v2\/media?parent=57"}],"curies":[{"name":"wp","href":"https:\/\/api.w.org\/{rel}","templated":true}]}}