{"id":27,"date":"2022-08-21T20:23:31","date_gmt":"2022-08-21T23:23:31","guid":{"rendered":"http:\/\/www.adur.org.uy\/quenotedelomismo\/?page_id=27"},"modified":"2022-08-21T20:23:31","modified_gmt":"2022-08-21T23:23:31","slug":"sobre-nosotros","status":"publish","type":"page","link":"https:\/\/www.adur.org.uy\/quenotedelomismo\/sobre-nosotros\/","title":{"rendered":"Sobre nosotros"},"content":{"rendered":"\n<p>La <strong>Asociaci\u00f3n de Docentes de la Universidad de la Rep\u00fablica (ADUR)<\/strong> est\u00e1 integrada por las asociaciones de docentes afiliados a ADUR en las distintas facultades u otras unidades docentes comparables. Los objetivos de ADUR son representar al gremio de docentes dentro y fuera del pa\u00eds; defender sus derechos laborales y buscar la mejora de su situaci\u00f3n social y econ\u00f3mica; salvaguardar la libertad intelectual y de expresi\u00f3n; promover el inter\u00e9s por los problemas relacionados con la organizaci\u00f3n universitaria; aportar al progresivo desarrollo de la UdelaR, la educaci\u00f3n p\u00fablica, la ciencia y la cultura del pa\u00eds, y participar de la unidad del movimiento sindical a trav\u00e9s del PIT-CNT.\u00a0<\/p>\n\n\n\n<p>Para afiliarte pod\u00e9s completar los formularios y seguir el procedimiento que se describe ac\u00e1:<\/p>\n\n\n\n<p><a href=\"https:\/\/www.adur.org.uy\/index.php\/afiliaciones\">https:\/\/www.adur.org.uy\/index.php\/afiliaciones<\/a><\/p>\n\n\n\n<p>Por m\u00e1s informaci\u00f3n consultanos a <a rel=\"noreferrer noopener\" href=\"mailto:adurcent@gmail.com\" target=\"_blank\">adurcent@gmail.com<\/a>.<\/p>\n","protected":false},"excerpt":{"rendered":"<p>La Asociaci\u00f3n de Docentes de la Universidad de la Rep\u00fablica (ADUR) est\u00e1 integrada por las asociaciones de docentes afiliados a [&hellip;]<\/p>\n","protected":false},"author":1,"featured_media":0,"parent":0,"menu_order":0,"comment_status":"closed","ping_status":"closed","template":"","meta":{"footnotes":""},"class_list":["post-27","page","type-page","status-publish","hentry"],"_links":{"self":[{"href":"https:\/\/www.adur.org.uy\/quenotedelomismo\/wp-json\/wp\/v2\/pages\/27","targetHints":{"allow":["GET"]}}],"collection":[{"href":"https:\/\/www.adur.org.uy\/quenotedelomismo\/wp-json\/wp\/v2\/pages"}],"about":[{"href":"https:\/\/www.adur.org.uy\/quenotedelomismo\/wp-json\/wp\/v2\/types\/page"}],"author":[{"embeddable":true,"href":"https:\/\/www.adur.org.uy\/quenotedelomismo\/wp-json\/wp\/v2\/users\/1"}],"replies":[{"embeddable":true,"href":"https:\/\/www.adur.org.uy\/quenotedelomismo\/wp-json\/wp\/v2\/comments?post=27"}],"version-history":[{"count":1,"href":"https:\/\/www.adur.org.uy\/quenotedelomismo\/wp-json\/wp\/v2\/pages\/27\/revisions"}],"predecessor-version":[{"id":28,"href":"https:\/\/www.adur.org.uy\/quenotedelomismo\/wp-json\/wp\/v2\/pages\/27\/revisions\/28"}],"wp:attachment":[{"href":"https:\/\/www.adur.org.uy\/quenotedelomismo\/wp-json\/wp\/v2\/media?parent=27"}],"curies":[{"name":"wp","href":"https:\/\/api.w.org\/{rel}","templated":true}]}}